{"id":1641,"date":"2023-10-31T11:17:01","date_gmt":"2023-10-31T11:17:01","guid":{"rendered":"https:\/\/accessi-website.elite.lws-servers.be\/mentions-legales\/"},"modified":"2025-05-13T13:17:23","modified_gmt":"2025-05-13T13:17:23","slug":"mentions-legales","status":"publish","type":"page","link":"https:\/\/access-i.be\/en\/mentions-legales\/","title":{"rendered":"Legal notice"},"content":{"rendered":"<p>En utilisant ce site, vous reconnaissez avoir pris connaissance de la notice l\u00e9gale et vous vous engagez \u00e0 la respecter. Le contenu de ce document peut \u00eatre modifi\u00e9 \u00e0 tout moment, nous vous invitons par cons\u00e9quent \u00e0 le consulter r\u00e9guli\u00e8rement.<\/p>\n<h2>\n1. Notice l\u00e9gale<\/h2>\n<p>Le pr\u00e9sent site internet est la propri\u00e9t\u00e9 de l&#8217;asbl Access-i, Rue Nanon 98, 5000 Namur, Belgique.<br \/>\nL\u2019h\u00e9bergement de ce site internet ainsi que des noms de domaines est assur\u00e9 par XXX .<br \/>\nLa cr\u00e9ation a \u00e9t\u00e9 r\u00e9alis\u00e9 par LWS.<\/p>\n<h2>\n2. Information d\u2019ordre technique<\/h2>\n<p>Vous reconnaissez disposer de la comp\u00e9tence et des moyens n\u00e9cessaires pour acc\u00e9der \u00e0 ce site internet et l&#8217;utiliser, ainsi qu\u2019avoir v\u00e9rifi\u00e9 que la configuration informatique utilis\u00e9e ne contient aucun virus et qu&#8217;elle est en parfait \u00e9tat de fonctionnement.<br \/>\nVous reconnaissez \u00e9galement d\u2019avoir \u00e9t\u00e9 inform\u00e9 que le pr\u00e9sent site internet est accessible 24 heures sur 24 et 7 jours sur 7, \u00e0 l&#8217;exception des cas de force majeure, difficult\u00e9s informatiques, difficult\u00e9s li\u00e9es \u00e0 la structure des r\u00e9seaux de communication ou difficult\u00e9s techniques.<\/p>\n<h2>\n3. Ce que vous devez savoir sur le Web<\/h2>\n<p>Il est difficile de garantir \u00e0 100 % la s\u00e9curit\u00e9 des donn\u00e9es transmises sur Internet. Bien que nous mettions tout en \u0153uvre pour prot\u00e9ger les informations personnelles, nous ne pouvons assurer ni garantir que les informations transmises directement ou par le biais de ces services en ligne sont totalement s\u00e9curis\u00e9es.<br \/>\nLa communication d&#8217;informations vous concernant, s\u2019effectue par cons\u00e9quent \u00e0 vos risques et p\u00e9rils, m\u00eame si d\u00e8s r\u00e9ception de ces informations, nous nous effor\u00e7ons d&#8217;assurer leur s\u00e9curit\u00e9.<\/p>\n<h2>\n4. Le contenu du site internet<\/h2>\n<p>En d\u00e9pit de l\u2019attention et de la sollicitude que l&#8217;asbl Access-i consacre \u00e0 la construction du site internet, il se peut que les informations diffus\u00e9es sur le site internet contiennent des lacunes, des inexactitudes ou des ambigu\u00eft\u00e9s.<br \/>\nNous d\u00e9clinons toute responsabilit\u00e9 pour un \u00e9ventuel pr\u00e9judice, direct ou indirect, quelle qu\u2019en soit la nature, qui d\u00e9coulerait de, ou serait dans un quelconque sens li\u00e9 \u00e0, l\u2019usage du site internet d&#8217;Access-i, ou s\u2019il s\u2019av\u00e8rait temporairement impossible de consulter notre site.<br \/>\nLes informations diffus\u00e9es sur le site internet d&#8217;Access-i sont r\u00e9guli\u00e8rement mises \u00e0 jour. Des modifications peuvent \u00eatre apport\u00e9es en tout temps avec effet imm\u00e9diat et sans avis pr\u00e9alable.<br \/>\nLa reproduction d\u2019informations g\u00e9n\u00e9rales, figurant sur le site internet d&#8217;Access-i, est autoris\u00e9e \u00e0 condition d&#8217;une demande d&#8217;accord pr\u00e9alable \u00e0 demander par email \u00e0 info@access-i.be. Ce droit de reproduction ne s\u2019applique pas aux photos, pour lesquelles il faut en tous cas respecter le droit d\u2019auteur des photographes.<\/p>\n<h2>\n5. Informations collect\u00e9es<\/h2>\n<p>Nous vous proposons sur ce site de nous fournir des renseignements (notamment votre nom et vos coordonn\u00e9es), qui nous permettront de vous adresser la documentation que vous souhaitez. Si vous ne souhaitez pas recevoir de documentation ou b\u00e9n\u00e9ficier de nos services vous pouvez visiter notre site sans avoir \u00e0 vous identifier ou \u00e0 vous enregistrer. Si vous souhaitez nous adresser un message \u00e9lectronique, votre adresse \u00e9lectronique sera automatiquement collect\u00e9e, ce qui nous permettra de r\u00e9pondre \u00e0 votre courrier.<\/p>\n<h2>\n6. Comment exercer votre droit d&#8217;acc\u00e8s et de rectification ?<\/h2>\n<p>Conform\u00e9ment aux l\u00e9gislations de protection des donn\u00e9es personnelles en vigueur vous disposez d&#8217;un droit d&#8217;acc\u00e8s relatif aux informations vous concernant et vous pouvez par cons\u00e9quent en obtenir copie, ou en demander la rectification, correction ou la suppression le cas \u00e9ch\u00e9ant.<br \/>\nCette information peut \u00eatre demand\u00e9e par courrier adress\u00e9 \u00e0 : Access-i asbl, Rue Nanon 98, 5000 Namur, Belgique.<br \/>\nConform\u00e9ment aux l\u00e9gislations de protection des donn\u00e9es personnelles, il s&#8217;agit d&#8217;un droit individuel qui ne peut \u00eatre exerc\u00e9 que par la personne concern\u00e9e relativement \u00e0 ses propres informations : pour des raisons de s\u00e9curit\u00e9, notre asbl devra donc v\u00e9rifier votre identit\u00e9 afin d&#8217;\u00e9viter toute communication d&#8217;informations confidentielles vous concernant \u00e0 une autre personne que vous. Seule la convention qui nous lie avec nos pouvoirs subsidiants, peut amener l\u2019Asbl \u00e0 leur transmettre certaines informations vous concernant, si et seulement si la finalit\u00e9 correspond \u00e0 l\u2019exercice de la mission d\u2019Access-i.<\/p>\n<h2>\n7. Vos obligations en tant qu\u2019utilisateur<\/h2>\n<ul>\n<li>Respect d\u2019autrui<br \/>\nVous \u00eates tenu de respecter les l\u00e9gislations applicables (relatives \u00e0 la protection de la vie priv\u00e9e et des donn\u00e9es personnelles notamment). Vous devez notamment vous abstenir, s&#8217;agissant des informations nominatives auxquelles vous acc\u00e9dez, de toute collecte, de toute utilisation d\u00e9tourn\u00e9e, et d&#8217;une mani\u00e8re g\u00e9n\u00e9rale, de tout acte susceptible de porter atteinte \u00e0 la vie priv\u00e9e, \u00e0 la r\u00e9putation, \u00e0 la consid\u00e9ration, \u00e0 l&#8217;image ou \u00e0 la sensibilit\u00e9 d&#8217;un autre utilisateur ou de toute autre personne, en \u00e9vitant toute mention, message ou texte diffamant, provocant, malveillant, ou mena\u00e7ant.<\/li>\n<li>Propri\u00e9t\u00e9 intellectuelle<br \/>\nLa structure g\u00e9n\u00e9rale, ainsi que les logiciels, textes, images anim\u00e9es ou non son savoir faire, et tous autres \u00e9l\u00e9ments composants le site sont la propri\u00e9t\u00e9 exclusive de l&#8217;asbl Access-i. Toute repr\u00e9sentation totale ou partielle de ce site par quelque proc\u00e9d\u00e9 que ce soit, sans l&#8217;autorisation de l&#8217;asbl Access-i est interdite. Il en est de m\u00eame des bases de donn\u00e9es figurant sur le site internet, qui sont prot\u00e9g\u00e9es par les dispositions relatives \u00e0 la protection juridique des bases de donn\u00e9es, et dont l&#8217;asbl Access-i est g\u00e9rant responsable.<\/li>\n<li>Les liens hypertextes<br \/>\nL&#8217;asbl Access-i tente de ne r\u00e9f\u00e9rencer que des sites conformes aux l\u00e9gislations applicables. Cependant, l&#8217;asbl Access-i ne dispose d&#8217;aucun contr\u00f4le sur le contenu de ces sites et ne saurait \u00eatre tenue responsable du fait des informations contenues sur ces sites.<\/li>\n<\/ul>\n","protected":false},"excerpt":{"rendered":"<p>En utilisant ce site, vous reconnaissez avoir pris connaissance de la notice l\u00e9gale et vous vous engagez \u00e0 la respecter. Le contenu de ce document peut \u00eatre modifi\u00e9 \u00e0 tout moment, nous vous invitons par cons\u00e9quent \u00e0 le consulter r\u00e9guli\u00e8rement. 1. Notice l\u00e9gale Le pr\u00e9sent site internet est la propri\u00e9t\u00e9 de l&#8217;asbl Access-i, Rue Nanon [&hellip;]<\/p>\n","protected":false},"author":1,"featured_media":0,"parent":0,"menu_order":25,"comment_status":"closed","ping_status":"closed","template":"page-templates\/page-rgpd.php","meta":{"_acf_changed":false,"inline_featured_image":false,"footnotes":""},"class_list":["post-1641","page","type-page","status-publish","hentry"],"acf":[],"yoast_head":"<!-- This site is optimized with the Yoast SEO plugin v25.9 - https:\/\/yoast.com\/wordpress\/plugins\/seo\/ -->\n<title>Legal notice - Access-i<\/title>\n<meta name=\"robots\" content=\"index, follow, max-snippet:-1, max-image-preview:large, max-video-preview:-1\" \/>\n<link rel=\"canonical\" href=\"https:\/\/access-i.be\/en\/mentions-legales\/\" \/>\n<meta property=\"og:locale\" content=\"en_US\" \/>\n<meta property=\"og:type\" content=\"article\" \/>\n<meta property=\"og:title\" content=\"Legal notice - Access-i\" \/>\n<meta property=\"og:description\" content=\"En utilisant ce site, vous reconnaissez avoir pris connaissance de la notice l\u00e9gale et vous vous engagez \u00e0 la respecter. Le contenu de ce document peut \u00eatre modifi\u00e9 \u00e0 tout moment, nous vous invitons par cons\u00e9quent \u00e0 le consulter r\u00e9guli\u00e8rement. 1. Notice l\u00e9gale Le pr\u00e9sent site internet est la propri\u00e9t\u00e9 de l&#8217;asbl Access-i, Rue Nanon [&hellip;]\" \/>\n<meta property=\"og:url\" content=\"https:\/\/access-i.be\/en\/mentions-legales\/\" \/>\n<meta property=\"og:site_name\" content=\"Access-i\" \/>\n<meta property=\"article:modified_time\" content=\"2025-05-13T13:17:23+00:00\" \/>\n<meta name=\"twitter:card\" content=\"summary_large_image\" \/>\n<meta name=\"twitter:label1\" content=\"Est. reading time\" \/>\n\t<meta name=\"twitter:data1\" content=\"5 minutes\" \/>\n<script type=\"application\/ld+json\" class=\"yoast-schema-graph\">{\"@context\":\"https:\/\/schema.org\",\"@graph\":[{\"@type\":\"WebPage\",\"@id\":\"https:\/\/access-i.be\/en\/mentions-legales\/\",\"url\":\"https:\/\/access-i.be\/en\/mentions-legales\/\",\"name\":\"Legal notice - Access-i\",\"isPartOf\":{\"@id\":\"https:\/\/access-i.be\/en\/#website\"},\"datePublished\":\"2023-10-31T11:17:01+00:00\",\"dateModified\":\"2025-05-13T13:17:23+00:00\",\"breadcrumb\":{\"@id\":\"https:\/\/access-i.be\/en\/mentions-legales\/#breadcrumb\"},\"inLanguage\":\"en-US\",\"potentialAction\":[{\"@type\":\"ReadAction\",\"target\":[\"https:\/\/access-i.be\/en\/mentions-legales\/\"]}]},{\"@type\":\"BreadcrumbList\",\"@id\":\"https:\/\/access-i.be\/en\/mentions-legales\/#breadcrumb\",\"itemListElement\":[{\"@type\":\"ListItem\",\"position\":1,\"name\":\"Accueil\",\"item\":\"https:\/\/access-i.be\/en\/\"},{\"@type\":\"ListItem\",\"position\":2,\"name\":\"Legal notice\"}]},{\"@type\":\"WebSite\",\"@id\":\"https:\/\/access-i.be\/en\/#website\",\"url\":\"https:\/\/access-i.be\/en\/\",\"name\":\"Access-i\",\"description\":\"\",\"potentialAction\":[{\"@type\":\"SearchAction\",\"target\":{\"@type\":\"EntryPoint\",\"urlTemplate\":\"https:\/\/access-i.be\/en\/?s={search_term_string}\"},\"query-input\":{\"@type\":\"PropertyValueSpecification\",\"valueRequired\":true,\"valueName\":\"search_term_string\"}}],\"inLanguage\":\"en-US\"}]}<\/script>\n<!-- \/ Yoast SEO plugin. -->","yoast_head_json":{"title":"Legal notice - Access-i","robots":{"index":"index","follow":"follow","max-snippet":"max-snippet:-1","max-image-preview":"max-image-preview:large","max-video-preview":"max-video-preview:-1"},"canonical":"https:\/\/access-i.be\/en\/mentions-legales\/","og_locale":"en_US","og_type":"article","og_title":"Legal notice - Access-i","og_description":"En utilisant ce site, vous reconnaissez avoir pris connaissance de la notice l\u00e9gale et vous vous engagez \u00e0 la respecter. Le contenu de ce document peut \u00eatre modifi\u00e9 \u00e0 tout moment, nous vous invitons par cons\u00e9quent \u00e0 le consulter r\u00e9guli\u00e8rement. 1. Notice l\u00e9gale Le pr\u00e9sent site internet est la propri\u00e9t\u00e9 de l&#8217;asbl Access-i, Rue Nanon [&hellip;]","og_url":"https:\/\/access-i.be\/en\/mentions-legales\/","og_site_name":"Access-i","article_modified_time":"2025-05-13T13:17:23+00:00","twitter_card":"summary_large_image","twitter_misc":{"Est. reading time":"5 minutes"},"schema":{"@context":"https:\/\/schema.org","@graph":[{"@type":"WebPage","@id":"https:\/\/access-i.be\/en\/mentions-legales\/","url":"https:\/\/access-i.be\/en\/mentions-legales\/","name":"Legal notice - Access-i","isPartOf":{"@id":"https:\/\/access-i.be\/en\/#website"},"datePublished":"2023-10-31T11:17:01+00:00","dateModified":"2025-05-13T13:17:23+00:00","breadcrumb":{"@id":"https:\/\/access-i.be\/en\/mentions-legales\/#breadcrumb"},"inLanguage":"en-US","potentialAction":[{"@type":"ReadAction","target":["https:\/\/access-i.be\/en\/mentions-legales\/"]}]},{"@type":"BreadcrumbList","@id":"https:\/\/access-i.be\/en\/mentions-legales\/#breadcrumb","itemListElement":[{"@type":"ListItem","position":1,"name":"Accueil","item":"https:\/\/access-i.be\/en\/"},{"@type":"ListItem","position":2,"name":"Legal notice"}]},{"@type":"WebSite","@id":"https:\/\/access-i.be\/en\/#website","url":"https:\/\/access-i.be\/en\/","name":"Access-i","description":"","potentialAction":[{"@type":"SearchAction","target":{"@type":"EntryPoint","urlTemplate":"https:\/\/access-i.be\/en\/?s={search_term_string}"},"query-input":{"@type":"PropertyValueSpecification","valueRequired":true,"valueName":"search_term_string"}}],"inLanguage":"en-US"}]}},"_links":{"self":[{"href":"https:\/\/access-i.be\/en\/wp-json\/wp\/v2\/pages\/1641","targetHints":{"allow":["GET"]}}],"collection":[{"href":"https:\/\/access-i.be\/en\/wp-json\/wp\/v2\/pages"}],"about":[{"href":"https:\/\/access-i.be\/en\/wp-json\/wp\/v2\/types\/page"}],"author":[{"embeddable":true,"href":"https:\/\/access-i.be\/en\/wp-json\/wp\/v2\/users\/1"}],"replies":[{"embeddable":true,"href":"https:\/\/access-i.be\/en\/wp-json\/wp\/v2\/comments?post=1641"}],"version-history":[{"count":1,"href":"https:\/\/access-i.be\/en\/wp-json\/wp\/v2\/pages\/1641\/revisions"}],"predecessor-version":[{"id":1644,"href":"https:\/\/access-i.be\/en\/wp-json\/wp\/v2\/pages\/1641\/revisions\/1644"}],"wp:attachment":[{"href":"https:\/\/access-i.be\/en\/wp-json\/wp\/v2\/media?parent=1641"}],"curies":[{"name":"wp","href":"https:\/\/api.w.org\/{rel}","templated":true}]}}